{"id":23,"date":"2021-03-20T17:42:39","date_gmt":"2021-03-20T20:42:39","guid":{"rendered":"https:\/\/www.planteclab.com\/en\/\/?page_id=23"},"modified":"2022-01-14T00:40:17","modified_gmt":"2022-01-14T03:40:17","slug":"residuos-e-eficacia-agronomica%e2%80%8b","status":"publish","type":"page","link":"https:\/\/www.planteclab.com\/en\/servicos\/residuos-e-eficacia-agronomica%e2%80%8b\/","title":{"rendered":"Agronomical efficiency and residue"},"content":{"rendered":"<div class=\"row\">\n<div class=\"col-md-6\">\n<p>With a large experience in agricultural research, we have a highly qualified team managing the experimental fields accredited in Agricultural Ministry (MAPA), and partnerships with public and privates companies, aimed at Agricultural Pesticide Residues studies conduction and official report issuing on Agronomical efficiency and practicability. Both recognized by INMETRO according to Good Laboratory Practices (GLP).<\/p>\n<p>The experimental fields are located in Paran\u00e1, S\u00e3o Paulo and Goi\u00e1s states, embracing strategical geographic regions for main crops relevant in the national agro business.<\/p>\n<p>The residue laboratory is composed by expert team and high technology equipment to Residue Maximum Limit (RML) evaluation and validation and development of new methodology for active ingredient and metabolites residue determination in different crops, in GLP according to RDC 4\/ANVISA requirement (Ag\u00eancia Nacional de Vigil\u00e2ncia Sanit\u00e1ria) for agrochemical registration.<\/p>\n<p>Currently, Plantec performs studies in several cultures, such as grains, winter cereals, pasture, horticulture, fruits, coffee, bioenergy crop, citriculture, ornamental plants among others.<\/p>\n<\/div>\n<div class=\"col-md-6\">\n<p>EXPERIMENTAL FIELDS WITH ACCREDITATION<\/p>\n<p>Iracem\u00e1polis SP<br \/>\nSanta Mariana PR<br \/>\nAn\u00e1polis GO<\/p>\n<\/div>\n<\/div>\n","protected":false},"excerpt":{"rendered":"<p>With a large experience in agricultural research, we have a highly qualified team managing the experimental fields accredited in Agricultural Ministry (MAPA), and partnerships with public and privates companies, aimed at Agricultural Pesticide Residues studies conduction and official report issuing on Agronomical efficiency and practicability. Both recognized by INMETRO according to Good Laboratory Practices (GLP). [&hellip;]<\/p>\n","protected":false},"author":1,"featured_media":24,"parent":81,"menu_order":0,"comment_status":"closed","ping_status":"closed","template":"","meta":{"footnotes":""},"class_list":["post-23","page","type-page","status-publish","has-post-thumbnail","hentry"],"_links":{"self":[{"href":"https:\/\/www.planteclab.com\/en\/wp-json\/wp\/v2\/pages\/23","targetHints":{"allow":["GET"]}}],"collection":[{"href":"https:\/\/www.planteclab.com\/en\/wp-json\/wp\/v2\/pages"}],"about":[{"href":"https:\/\/www.planteclab.com\/en\/wp-json\/wp\/v2\/types\/page"}],"author":[{"embeddable":true,"href":"https:\/\/www.planteclab.com\/en\/wp-json\/wp\/v2\/users\/1"}],"replies":[{"embeddable":true,"href":"https:\/\/www.planteclab.com\/en\/wp-json\/wp\/v2\/comments?post=23"}],"version-history":[{"count":9,"href":"https:\/\/www.planteclab.com\/en\/wp-json\/wp\/v2\/pages\/23\/revisions"}],"predecessor-version":[{"id":430,"href":"https:\/\/www.planteclab.com\/en\/wp-json\/wp\/v2\/pages\/23\/revisions\/430"}],"up":[{"embeddable":true,"href":"https:\/\/www.planteclab.com\/en\/wp-json\/wp\/v2\/pages\/81"}],"wp:featuredmedia":[{"embeddable":true,"href":"https:\/\/www.planteclab.com\/en\/wp-json\/wp\/v2\/media\/24"}],"wp:attachment":[{"href":"https:\/\/www.planteclab.com\/en\/wp-json\/wp\/v2\/media?parent=23"}],"curies":[{"name":"wp","href":"https:\/\/api.w.org\/{rel}","templated":true}]}}